{"id":4066,"date":"2017-01-16T23:39:12","date_gmt":"2017-01-16T23:39:12","guid":{"rendered":"http:\/\/mexicanconsulting.com\/en\/lic-lidia-ereiva\/"},"modified":"2018-11-02T16:17:30","modified_gmt":"2018-11-02T16:17:30","slug":"lic-lidia-ereiva","status":"publish","type":"page","link":"http:\/\/www.mexicanconsulting.com\/en\/lic-lidia-ereiva\/","title":{"rendered":"Lic. Lidia Ereiva"},"content":{"rendered":"<div class=\"wpb-content-wrapper\"><p>[vc_row][vc_column]<div class=\"clearfix title-center\"><h2 class=\"col-title\">Curr\u00edculum Vitae<\/h2><\/div>[\/vc_column][\/vc_row][vc_row][vc_column width=&#8221;1\/2&#8243;][vc_single_image image=&#8221;3079&#8243; img_size=&#8221;large&#8221;][\/vc_column][vc_column width=&#8221;1\/2&#8243;][vc_column_text]<\/p>\n<div style=\"text-align: justify;\">\n<p><strong>Lic. Lidia Dalia Ereiva Gonz\u00e1lez.<\/strong><\/p>\n<p><span style=\"color: #c1005a;\"><strong>Lawyer in Chief Civil Area<\/strong><strong>.<\/strong><\/span><\/p>\n<p><strong>Professional License: 09136229.<\/strong><\/p>\n<p><strong>Alma Mater: UAEM (Autonomous University of the State of Morelos) class 2006 &#8211; 2011<\/strong><\/p>\n<div style=\"text-align: justify;\">\n<p>Derived from the commercial relations of which Mexico is part and the various investments that our country has received in recent years, the corporate area of \u200b\u200bwhich I am part of has the task of generating the most efficient mechanisms to provide the broadest protection to any legal activity required by your company.<\/p>\n<p>Within the range of services provided by the corporate area are the following: Establishment of the company, assistance in the planning and development of ordinary or extraordinary shareholders&#8217; meetings, board meetings, revision of Director General&#8217;s reports, revision of Statutory Auditor\u2019s reports, creation of Excel databases for the registration of documents of the corporate activity among others.<\/p>\n<p>On the other hand, as a result of the increase in commercial activity that flows both nationally and internationally, the area of \u200b\u200bintellectual property has carried out the registration, renewal and obtaining of trademark titles, patent registration in the national phase through PCT, Paris Convention, phonetic searches, trademark litigation, challenge of resolutions issued by the IMPI, and other actions related to the area of \u200b\u200bprotection of intellectual property.<\/p>\n<p>In order to provide you with a better service, we are in the process of obtaining the Certification ISO 9001: 2015, in order to be at the leading edge, regarding the quality system in the provision of the legal services we offer.<\/p>\n<p>In Mexican Consulting and Development, S.C. We are pleased to serve you and be part of a strategic solution in any legal situation that you have.<\/p>\n<p><strong>Other certificates and diplomas:<\/strong><\/p>\n<ul>\n<li>Course Analysis of ISO 9001:2015<\/li>\n<li>International Seminar \u201cEl Derecho ante la Globalizaci\u00f3n\u201d.<\/li>\n<li>Legal Counsel of the Government of the State of Morelos<\/li>\n<\/ul>\n<p>Trial lawyer since 2015.<\/p>\n<\/div>\n<\/div>\n<p>[\/vc_column_text][\/vc_column][\/vc_row]<\/p>\n<\/div>\n<div class=\"twitter-share\"><a href=\"https:\/\/twitter.com\/intent\/tweet?via=MexicanConsult\" class=\"twitter-share-button\" data-size=\"large\">Tweet<\/a><\/div>\n","protected":false},"excerpt":{"rendered":"<p>[vc_row][vc_column][\/vc_column][\/vc_row][vc_row][vc_column width=&#8221;1\/2&#8243;][vc_single_image image=&#8221;3079&#8243; img_size=&#8221;large&#8221;][\/vc_column][vc_column width=&#8221;1\/2&#8243;][vc_column_text] Lic. Lidia Dalia Ereiva Gonz\u00e1lez. Lawyer in Chief Civil Area. Professional License: 09136229. Alma Mater: UAEM (Autonomous University of the State of Morelos) class 2006 [&hellip;]<\/p>\n","protected":false},"author":1,"featured_media":3079,"parent":0,"menu_order":0,"comment_status":"closed","ping_status":"closed","template":"","meta":{"footnotes":""},"class_list":["post-4066","page","type-page","status-publish","has-post-thumbnail","hentry"],"yoast_head":"<!-- This site is optimized with the Yoast SEO plugin v14.3 - https:\/\/yoast.com\/wordpress\/plugins\/seo\/ -->\n<title>Lic. Lidia Ereiva | Mexican Consulting<\/title>\n<meta name=\"description\" content=\"Lic. Lidia Ereiva. Alma Mater: UAEM (Autonomous University of the State of Morelos) class 2006 - 2011. Conoce m\u00e1s de su biograf\u00eda aqu\u00ed.\" \/>\n<meta name=\"robots\" content=\"index, follow\" \/>\n<meta name=\"googlebot\" content=\"index, follow, max-snippet:-1, max-image-preview:large, max-video-preview:-1\" \/>\n<meta name=\"bingbot\" content=\"index, follow, max-snippet:-1, max-image-preview:large, max-video-preview:-1\" \/>\n<link rel=\"canonical\" href=\"http:\/\/www.mexicanconsulting.com\/en\/lic-lidia-ereiva\/\" \/>\n<meta property=\"og:locale\" content=\"en_US\" \/>\n<meta property=\"og:type\" content=\"article\" \/>\n<meta property=\"og:title\" content=\"Lic. Lidia Ereiva | Mexican Consulting\" \/>\n<meta property=\"og:description\" content=\"Lic. Lidia Ereiva. Alma Mater: UAEM (Autonomous University of the State of Morelos) class 2006 - 2011. Conoce m\u00e1s de su biograf\u00eda aqu\u00ed.\" \/>\n<meta property=\"og:url\" content=\"http:\/\/www.mexicanconsulting.com\/en\/lic-lidia-ereiva\/\" \/>\n<meta property=\"og:site_name\" content=\"Mexican Consulting\" \/>\n<meta property=\"article:publisher\" content=\"https:\/\/www.facebook.com\/MexicanConsult\" \/>\n<meta property=\"article:modified_time\" content=\"2018-11-02T16:17:30+00:00\" \/>\n<meta property=\"og:image\" content=\"http:\/\/www.mexicanconsulting.com\/wp-content\/uploads\/2017\/02\/Lidia_Ereiva2.jpg\" \/>\n\t<meta property=\"og:image:width\" content=\"600\" \/>\n\t<meta property=\"og:image:height\" content=\"800\" \/>\n<meta name=\"twitter:card\" content=\"summary\" \/>\n<meta name=\"twitter:creator\" content=\"@MexicanConsult\" \/>\n<meta name=\"twitter:site\" content=\"@MexicanConsult\" \/>\n<script type=\"application\/ld+json\" class=\"yoast-schema-graph\">{\"@context\":\"https:\/\/schema.org\",\"@graph\":[{\"@type\":\"WebSite\",\"@id\":\"http:\/\/www.mexicanconsulting.com\/en\/#website\",\"url\":\"http:\/\/www.mexicanconsulting.com\/en\/\",\"name\":\"Mexican Consulting\",\"description\":\"Despacho de Abogados Especializados en Propiedad Intelectual\",\"potentialAction\":[{\"@type\":\"SearchAction\",\"target\":\"http:\/\/www.mexicanconsulting.com\/en\/?s={search_term_string}\",\"query-input\":\"required name=search_term_string\"}],\"inLanguage\":\"en-US\"},{\"@type\":\"ImageObject\",\"@id\":\"http:\/\/www.mexicanconsulting.com\/en\/lic-lidia-ereiva\/#primaryimage\",\"inLanguage\":\"en-US\",\"url\":\"http:\/\/www.mexicanconsulting.com\/wp-content\/uploads\/2017\/02\/Lidia_Ereiva2.jpg\",\"width\":600,\"height\":800,\"caption\":\"Lic. Lidia Ereiva | Mexican Consulting\"},{\"@type\":\"WebPage\",\"@id\":\"http:\/\/www.mexicanconsulting.com\/en\/lic-lidia-ereiva\/#webpage\",\"url\":\"http:\/\/www.mexicanconsulting.com\/en\/lic-lidia-ereiva\/\",\"name\":\"Lic. Lidia Ereiva | Mexican Consulting\",\"isPartOf\":{\"@id\":\"http:\/\/www.mexicanconsulting.com\/en\/#website\"},\"primaryImageOfPage\":{\"@id\":\"http:\/\/www.mexicanconsulting.com\/en\/lic-lidia-ereiva\/#primaryimage\"},\"datePublished\":\"2017-01-16T23:39:12+00:00\",\"dateModified\":\"2018-11-02T16:17:30+00:00\",\"description\":\"Lic. Lidia Ereiva. Alma Mater: UAEM (Autonomous University of the State of Morelos) class 2006 - 2011. Conoce m\\u00e1s de su biograf\\u00eda aqu\\u00ed.\",\"inLanguage\":\"en-US\",\"potentialAction\":[{\"@type\":\"ReadAction\",\"target\":[\"http:\/\/www.mexicanconsulting.com\/en\/lic-lidia-ereiva\/\"]}]}]}<\/script>\n<!-- \/ Yoast SEO plugin. -->","_links":{"self":[{"href":"http:\/\/www.mexicanconsulting.com\/en\/wp-json\/wp\/v2\/pages\/4066","targetHints":{"allow":["GET"]}}],"collection":[{"href":"http:\/\/www.mexicanconsulting.com\/en\/wp-json\/wp\/v2\/pages"}],"about":[{"href":"http:\/\/www.mexicanconsulting.com\/en\/wp-json\/wp\/v2\/types\/page"}],"author":[{"embeddable":true,"href":"http:\/\/www.mexicanconsulting.com\/en\/wp-json\/wp\/v2\/users\/1"}],"replies":[{"embeddable":true,"href":"http:\/\/www.mexicanconsulting.com\/en\/wp-json\/wp\/v2\/comments?post=4066"}],"version-history":[{"count":5,"href":"http:\/\/www.mexicanconsulting.com\/en\/wp-json\/wp\/v2\/pages\/4066\/revisions"}],"predecessor-version":[{"id":5025,"href":"http:\/\/www.mexicanconsulting.com\/en\/wp-json\/wp\/v2\/pages\/4066\/revisions\/5025"}],"wp:featuredmedia":[{"embeddable":true,"href":"http:\/\/www.mexicanconsulting.com\/en\/wp-json\/wp\/v2\/media\/3079"}],"wp:attachment":[{"href":"http:\/\/www.mexicanconsulting.com\/en\/wp-json\/wp\/v2\/media?parent=4066"}],"curies":[{"name":"wp","href":"https:\/\/api.w.org\/{rel}","templated":true}]}}