{"id":4071,"date":"2017-01-16T23:37:39","date_gmt":"2017-01-16T23:37:39","guid":{"rendered":"http:\/\/mexicanconsulting.com\/en\/lic-victor-vizzuett\/"},"modified":"2018-11-02T16:15:04","modified_gmt":"2018-11-02T16:15:04","slug":"lic-victor-vizzuett","status":"publish","type":"page","link":"http:\/\/www.mexicanconsulting.com\/en\/lic-victor-vizzuett\/","title":{"rendered":"Lic. Victor Vizzuett"},"content":{"rendered":"<div class=\"wpb-content-wrapper\"><p>[vc_row][vc_column]<div class=\"clearfix title-center\"><h2 class=\"col-title\">Curr\u00edculum<\/h2><\/div>[\/vc_column][\/vc_row][vc_row][vc_column width=&#8221;1\/2&#8243;][vc_single_image image=&#8221;3076&#8243; img_size=&#8221;large&#8221;][\/vc_column][vc_column width=&#8221;1\/2&#8243;][vc_column_text css_animation=&#8221;none&#8221;]<strong>Lic. V\u00edctor \u00c1ngel Vizzuett Hern\u00e1ndez\u00a0<\/strong><\/p>\n<p><strong><span style=\"color: #ca005a;\">Head of Operating Area.<\/span><\/strong><\/p>\n<p><strong>Member of Mexican Consulting &amp; Development, S.C. since July 2013.<\/strong><\/p>\n<p><strong>Professional License: 9648458.<\/strong><\/p>\n<p><strong>Alma Mater: Escuela de Derecho Posgrados y Practica Jur\u00eddica A.C.<\/strong><\/p>\n<p>I hereby give you a warm welcome. Derived conflicts from the State and Individuals are known in our current society\u2019s reality and our Government, as well as the deficiencies in our legal system in First Instances, just like the complexity and special characteristics that they reflect.<\/p>\n<p>Our Legal Firm offers you specialist lawyers, among which I have the honor to be part of. We will assist you promptly and diligently, providing you with security to your concerns. As legal responsible of the Administrative and Amparo areas, I will deal with legal problems related to the problems arising from State-government relations such as administrative procedures, fines, sanctions, tax credits, bids, permits, concessions, prosecution complaints (PROFECO, PRODECON , PROPAEM), claims of patrimonial responsibility to the State for actions or omissions, pension leveling, amparos against final resolutions of courts or tribunals, amparos against acts of authority to protect your human rights, among many others. I proudly inform you that from the moment you contacted us to let us know about your case and receive our diagnosis, we acquired a firm commitment.<\/p>\n<p>As a client, you will acquire the confidence of knowing that we will remain with you throughout the duration of the process, advising you at each stage so that you know the reality and the status of your trial. Ethically, we have the responsibility to inform you the dangers, problems, or risks that arise, and to check the decisions made related to this circumstances, so that none of our actions will develop without having been previously endorsed.<\/p>\n<p>In the Company, we distinguish ourselves for having high standards of Quality in the provision of the services we offer guaranteed by the ISO 9001:2015 certification, as well as a closeness and personalized attention with each of the clients who place their trust in us; I invite you to contact us and see it for yourself.<\/p>\n<p><em>\u201cMAY ALL THOSE WHO COMPLAIN WITH JUSTICE BE HEARD, BE SHELTERED AND BE PROTECTED BY A COURT AGAINST THE STRONG AND THE ARBITRATY MAN\u201d<\/em><\/p>\n<p><em>(Jos\u00e9 Mar\u00eda Morelos y Pav\u00f3n)<\/em><\/p>\n<p><strong>Other certificates and diplomas:<\/strong><\/p>\n<ul>\n<li>Seminar &#8220;Constitutional Tax Law in Ibero-America&#8221; \u200b\u200b(S.C.J.N.).<\/li>\n<li>International Congress &#8220;Crime and Justice&#8221; (Escuela de Derecho Posgrados y Pr\u00e1ctica Jur\u00eddica A.C.).<\/li>\n<li>Seminar &#8220;Strategies for Oral Litigation in Criminal Matters&#8221; (S.C.J.N. and T.S.J.E.M.)<\/li>\n<li>Course &#8220;Legal Assistant&#8221; (S.N.E.)<\/li>\n<li>Course of &#8220;Oratory&#8221; (Escuela de Derecho Posgrados y Pr\u00e1ctica Jur\u00eddica A.C.).<\/li>\n<\/ul>\n<p>Course \u201cAnalysis of ISO 9001:2015\u201d (SGM Consultores).[\/vc_column_text][\/vc_column][\/vc_row][vc_row][vc_column]<div class=\"action mbf style1 light clearfix\"><div class=\"inner\"><i class=\"action-icon icon-legal\"  style=\"color:#d5005a !important;\" ><\/i><div class=\"flr\"><a class='tbutton  tbutton5 ' href='http:\/\/mexicanconsulting.com\/en\/contact' target='_self'  style=\"border-color:#007a82;color:#007a82;\" ><span>Send Message<\/span><\/a><\/div><div class=\"matn\"><h4>Send us your case <\/h4><p>Our advice assesses the operational framework of each client, the interest groups, as well as the impact of our recommendations on all aspects that influence within the scope of our client.<\/p><\/div><\/div><\/div><div class=\"gap clearfix\" style=\"height: 30px;\"><\/div>[\/vc_column][\/vc_row]<\/p>\n<\/div>\n<div class=\"twitter-share\"><a href=\"https:\/\/twitter.com\/intent\/tweet?via=MexicanConsult\" class=\"twitter-share-button\" data-size=\"large\">Tweet<\/a><\/div>\n","protected":false},"excerpt":{"rendered":"<p>[vc_row][vc_column][\/vc_column][\/vc_row][vc_row][vc_column width=&#8221;1\/2&#8243;][vc_single_image image=&#8221;3076&#8243; img_size=&#8221;large&#8221;][\/vc_column][vc_column width=&#8221;1\/2&#8243;][vc_column_text css_animation=&#8221;none&#8221;]Lic. V\u00edctor \u00c1ngel Vizzuett Hern\u00e1ndez\u00a0 Head of Operating Area. Member of Mexican Consulting &amp; Development, S.C. since July 2013. Professional License: 9648458. Alma Mater: Escuela [&hellip;]<\/p>\n","protected":false},"author":1,"featured_media":3076,"parent":0,"menu_order":0,"comment_status":"closed","ping_status":"closed","template":"","meta":{"footnotes":""},"class_list":["post-4071","page","type-page","status-publish","has-post-thumbnail","hentry"],"yoast_head":"<!-- This site is optimized with the Yoast SEO plugin v14.3 - https:\/\/yoast.com\/wordpress\/plugins\/seo\/ -->\n<title>Lic. Victor Vizzuett | Mexican Consulting<\/title>\n<meta name=\"description\" content=\"Lic. V\u00edctor Vizzuett. Member of Mexican Consulting &amp; Development, S.C. since July 2013. Read more about the team here or call us.\" \/>\n<meta name=\"robots\" content=\"index, follow\" \/>\n<meta name=\"googlebot\" content=\"index, follow, max-snippet:-1, max-image-preview:large, max-video-preview:-1\" \/>\n<meta name=\"bingbot\" content=\"index, follow, max-snippet:-1, max-image-preview:large, max-video-preview:-1\" \/>\n<link rel=\"canonical\" href=\"http:\/\/www.mexicanconsulting.com\/en\/lic-victor-vizzuett\/\" \/>\n<meta property=\"og:locale\" content=\"en_US\" \/>\n<meta property=\"og:type\" content=\"article\" \/>\n<meta property=\"og:title\" content=\"Lic. Victor Vizzuett | Mexican Consulting\" \/>\n<meta property=\"og:description\" content=\"Lic. V\u00edctor Vizzuett. Member of Mexican Consulting &amp; Development, S.C. since July 2013. Read more about the team here or call us.\" \/>\n<meta property=\"og:url\" content=\"http:\/\/www.mexicanconsulting.com\/en\/lic-victor-vizzuett\/\" \/>\n<meta property=\"og:site_name\" content=\"Mexican Consulting\" \/>\n<meta property=\"article:publisher\" content=\"https:\/\/www.facebook.com\/MexicanConsult\" \/>\n<meta property=\"article:modified_time\" content=\"2018-11-02T16:15:04+00:00\" \/>\n<meta property=\"og:image\" content=\"http:\/\/www.mexicanconsulting.com\/wp-content\/uploads\/2017\/02\/Victor_Vizzuett2.jpg\" \/>\n\t<meta property=\"og:image:width\" content=\"600\" \/>\n\t<meta property=\"og:image:height\" content=\"800\" \/>\n<meta name=\"twitter:card\" content=\"summary\" \/>\n<meta name=\"twitter:creator\" content=\"@MexicanConsult\" \/>\n<meta name=\"twitter:site\" content=\"@MexicanConsult\" \/>\n<script type=\"application\/ld+json\" class=\"yoast-schema-graph\">{\"@context\":\"https:\/\/schema.org\",\"@graph\":[{\"@type\":\"WebSite\",\"@id\":\"http:\/\/www.mexicanconsulting.com\/en\/#website\",\"url\":\"http:\/\/www.mexicanconsulting.com\/en\/\",\"name\":\"Mexican Consulting\",\"description\":\"Despacho de Abogados Especializados en Propiedad Intelectual\",\"potentialAction\":[{\"@type\":\"SearchAction\",\"target\":\"http:\/\/www.mexicanconsulting.com\/en\/?s={search_term_string}\",\"query-input\":\"required name=search_term_string\"}],\"inLanguage\":\"en-US\"},{\"@type\":\"ImageObject\",\"@id\":\"http:\/\/www.mexicanconsulting.com\/en\/lic-victor-vizzuett\/#primaryimage\",\"inLanguage\":\"en-US\",\"url\":\"http:\/\/www.mexicanconsulting.com\/wp-content\/uploads\/2017\/02\/Victor_Vizzuett2.jpg\",\"width\":600,\"height\":800,\"caption\":\"Lic. Victor Vizzuett | Mexican Consulting\"},{\"@type\":\"WebPage\",\"@id\":\"http:\/\/www.mexicanconsulting.com\/en\/lic-victor-vizzuett\/#webpage\",\"url\":\"http:\/\/www.mexicanconsulting.com\/en\/lic-victor-vizzuett\/\",\"name\":\"Lic. Victor Vizzuett | Mexican Consulting\",\"isPartOf\":{\"@id\":\"http:\/\/www.mexicanconsulting.com\/en\/#website\"},\"primaryImageOfPage\":{\"@id\":\"http:\/\/www.mexicanconsulting.com\/en\/lic-victor-vizzuett\/#primaryimage\"},\"datePublished\":\"2017-01-16T23:37:39+00:00\",\"dateModified\":\"2018-11-02T16:15:04+00:00\",\"description\":\"Lic. V\\u00edctor Vizzuett. Member of Mexican Consulting & Development, S.C. since July 2013. Read more about the team here or call us.\",\"inLanguage\":\"en-US\",\"potentialAction\":[{\"@type\":\"ReadAction\",\"target\":[\"http:\/\/www.mexicanconsulting.com\/en\/lic-victor-vizzuett\/\"]}]}]}<\/script>\n<!-- \/ Yoast SEO plugin. -->","_links":{"self":[{"href":"http:\/\/www.mexicanconsulting.com\/en\/wp-json\/wp\/v2\/pages\/4071","targetHints":{"allow":["GET"]}}],"collection":[{"href":"http:\/\/www.mexicanconsulting.com\/en\/wp-json\/wp\/v2\/pages"}],"about":[{"href":"http:\/\/www.mexicanconsulting.com\/en\/wp-json\/wp\/v2\/types\/page"}],"author":[{"embeddable":true,"href":"http:\/\/www.mexicanconsulting.com\/en\/wp-json\/wp\/v2\/users\/1"}],"replies":[{"embeddable":true,"href":"http:\/\/www.mexicanconsulting.com\/en\/wp-json\/wp\/v2\/comments?post=4071"}],"version-history":[{"count":5,"href":"http:\/\/www.mexicanconsulting.com\/en\/wp-json\/wp\/v2\/pages\/4071\/revisions"}],"predecessor-version":[{"id":5022,"href":"http:\/\/www.mexicanconsulting.com\/en\/wp-json\/wp\/v2\/pages\/4071\/revisions\/5022"}],"wp:featuredmedia":[{"embeddable":true,"href":"http:\/\/www.mexicanconsulting.com\/en\/wp-json\/wp\/v2\/media\/3076"}],"wp:attachment":[{"href":"http:\/\/www.mexicanconsulting.com\/en\/wp-json\/wp\/v2\/media?parent=4071"}],"curies":[{"name":"wp","href":"https:\/\/api.w.org\/{rel}","templated":true}]}}