{"id":4088,"date":"2017-03-06T16:23:06","date_gmt":"2017-03-06T16:23:06","guid":{"rendered":"http:\/\/mexicanconsulting.com\/en\/distintivos-y-aliados\/"},"modified":"2018-10-20T00:32:32","modified_gmt":"2018-10-20T00:32:32","slug":"badges-and-allies","status":"publish","type":"page","link":"http:\/\/www.mexicanconsulting.com\/en\/badges-and-allies\/","title":{"rendered":"Badges And Allies"},"content":{"rendered":"<div class=\"wpb-content-wrapper\"><p>[vc_row][vc_column width=&#8221;1\/4&#8243;][vc_single_image image=&#8221;3073&#8243; img_size=&#8221;medium&#8221; alignment=&#8221;center&#8221; onclick=&#8221;zoom&#8221; css_animation=&#8221;bounceInLeft&#8221;][vc_column_text css_animation=&#8221;slideInLeft&#8221;]<\/p>\n<p style=\"text-align: center;\">C\u00e1mara De Comercio Del Canad\u00e1 En M\u00e9xico<\/p>\n<p>[\/vc_column_text][\/vc_column][vc_column width=&#8221;1\/4&#8243;][vc_single_image image=&#8221;3062&#8243; img_size=&#8221;medium&#8221; onclick=&#8221;zoom&#8221; css_animation=&#8221;bounceInDown&#8221;][vc_column_text css_animation=&#8221;bounceInDown&#8221;]<\/p>\n<p style=\"text-align: center;\">Barra De Abogados Del Estado De Morelos A.C.<\/p>\n<p>[\/vc_column_text][\/vc_column][vc_column width=&#8221;1\/4&#8243;][vc_single_image image=&#8221;4968&#8243; img_size=&#8221;medium&#8221; onclick=&#8221;zoom&#8221; css_animation=&#8221;bounceInDown&#8221;][vc_column_text css_animation=&#8221;bounceInDown&#8221;]<\/p>\n<p style=\"text-align: center;\">EQA<br \/>\nISO9001-2015<\/p>\n<p>[\/vc_column_text][\/vc_column][vc_column width=&#8221;1\/4&#8243;][vc_single_image image=&#8221;3064&#8243; img_size=&#8221;medium&#8221; onclick=&#8221;zoom&#8221; css_animation=&#8221;bounceInRight&#8221;][vc_column_text css_animation=&#8221;bounceInRight&#8221;]<\/p>\n<p style=\"text-align: center;\">Asociaci\u00f3n Internacional de Marcas<\/p>\n<p>[\/vc_column_text][\/vc_column][\/vc_row][vc_row][vc_column width=&#8221;1\/3&#8243;][vc_single_image image=&#8221;3072&#8243; img_size=&#8221;medium&#8221; onclick=&#8221;zoom&#8221; css_animation=&#8221;bounceInLeft&#8221;][vc_column_text css_animation=&#8221;bounceInLeft&#8221;]<\/p>\n<p style=\"text-align: center;\">Soluciones Arbitrales Integrales A.C<\/p>\n<p>[\/vc_column_text][\/vc_column][vc_column width=&#8221;1\/3&#8243;][vc_single_image image=&#8221;4964&#8243; img_size=&#8221;full&#8221; alignment=&#8221;center&#8221; css_animation=&#8221;fadeIn&#8221;][vc_column_text css_animation=&#8221;bounceInDown&#8221;]<\/p>\n<p style=\"text-align: center;\">BBB Certification<\/p>\n<p>[\/vc_column_text][\/vc_column][vc_column width=&#8221;1\/3&#8243;][vc_single_image image=&#8221;3071&#8243; img_size=&#8221;medium&#8221; alignment=&#8221;right&#8221; onclick=&#8221;zoom&#8221; css_animation=&#8221;bounceInRight&#8221;][vc_column_text css_animation=&#8221;bounceInRight&#8221;]<\/p>\n<p style=\"text-align: center;\">C\u00e1mara De Comercio Y Tecnolog\u00eda M\u00e9xico &#8211; China<\/p>\n<p>[\/vc_column_text][\/vc_column][\/vc_row][vc_row][vc_column width=&#8221;1\/4&#8243;][vc_single_image image=&#8221;3068&#8243; img_size=&#8221;medium&#8221; onclick=&#8221;zoom&#8221; css_animation=&#8221;bounceInUp&#8221;][vc_column_text css_animation=&#8221;bounceInUp&#8221;]<\/p>\n<p style=\"text-align: center;\">Federaci\u00f3n De Asociaciones De Colonos Del Estado De Morelos<\/p>\n<p>[\/vc_column_text][\/vc_column][vc_column width=&#8221;1\/4&#8243;][vc_single_image image=&#8221;3066&#8243; img_size=&#8221;medium&#8221; onclick=&#8221;zoom&#8221; css_animation=&#8221;bounceInUp&#8221;][vc_column_text css_animation=&#8221;bounceInUp&#8221;]<\/p>\n<p style=\"text-align: center;\">Many Solutions, S.A. De C.V.<\/p>\n<p>[\/vc_column_text][\/vc_column][vc_column width=&#8221;1\/4&#8243;][vc_single_image image=&#8221;3067&#8243; img_size=&#8221;medium&#8221; onclick=&#8221;zoom&#8221; css_animation=&#8221;bounceInRight&#8221;][vc_column_text css_animation=&#8221;bounceInRight&#8221;]<\/p>\n<p style=\"text-align: center;\">Peredo Y Mendoza De La Concha Abogados S.C.<\/p>\n<p>[\/vc_column_text][\/vc_column][vc_column width=&#8221;1\/4&#8243;][\/vc_column][\/vc_row][vc_row][vc_column][vc_column_text]<\/p>\n<p>[\/vc_column_text][\/vc_column][\/vc_row]<\/p>\n<\/div>\n<div class=\"twitter-share\"><a href=\"https:\/\/twitter.com\/intent\/tweet?via=MexicanConsult\" class=\"twitter-share-button\" data-size=\"large\">Tweet<\/a><\/div>\n","protected":false},"excerpt":{"rendered":"<p>[vc_row][vc_column width=&#8221;1\/4&#8243;][vc_single_image image=&#8221;3073&#8243; img_size=&#8221;medium&#8221; alignment=&#8221;center&#8221; onclick=&#8221;zoom&#8221; css_animation=&#8221;bounceInLeft&#8221;][vc_column_text css_animation=&#8221;slideInLeft&#8221;] C\u00e1mara De Comercio Del Canad\u00e1 En M\u00e9xico [\/vc_column_text][\/vc_column][vc_column width=&#8221;1\/4&#8243;][vc_single_image image=&#8221;3062&#8243; img_size=&#8221;medium&#8221; onclick=&#8221;zoom&#8221; css_animation=&#8221;bounceInDown&#8221;][vc_column_text css_animation=&#8221;bounceInDown&#8221;] Barra De Abogados Del Estado De Morelos A.C. [&hellip;]<\/p>\n","protected":false},"author":1,"featured_media":3137,"parent":0,"menu_order":0,"comment_status":"closed","ping_status":"closed","template":"","meta":{"footnotes":""},"class_list":["post-4088","page","type-page","status-publish","has-post-thumbnail","hentry"],"yoast_head":"<!-- This site is optimized with the Yoast SEO plugin v14.3 - https:\/\/yoast.com\/wordpress\/plugins\/seo\/ -->\n<title>Badges And Allies | Mexican Consulting<\/title>\n<meta name=\"description\" content=\"Badges and Allies: ISO certification and our business partners. We have the experts who can help you in any case. Contact us.\" \/>\n<meta name=\"robots\" content=\"index, follow\" \/>\n<meta name=\"googlebot\" content=\"index, follow, max-snippet:-1, max-image-preview:large, max-video-preview:-1\" \/>\n<meta name=\"bingbot\" content=\"index, follow, max-snippet:-1, max-image-preview:large, max-video-preview:-1\" \/>\n<link rel=\"canonical\" href=\"http:\/\/www.mexicanconsulting.com\/en\/badges-and-allies\/\" \/>\n<meta property=\"og:locale\" content=\"en_US\" \/>\n<meta property=\"og:type\" content=\"article\" \/>\n<meta property=\"og:title\" content=\"Badges And Allies | Mexican Consulting\" \/>\n<meta property=\"og:description\" content=\"Badges and Allies: ISO certification and our business partners. We have the experts who can help you in any case. Contact us.\" \/>\n<meta property=\"og:url\" content=\"http:\/\/www.mexicanconsulting.com\/en\/badges-and-allies\/\" \/>\n<meta property=\"og:site_name\" content=\"Mexican Consulting\" \/>\n<meta property=\"article:publisher\" content=\"https:\/\/www.facebook.com\/MexicanConsult\" \/>\n<meta property=\"article:modified_time\" content=\"2018-10-20T00:32:32+00:00\" \/>\n<meta property=\"og:image\" content=\"http:\/\/www.mexicanconsulting.com\/wp-content\/uploads\/2017\/03\/ISO.png\" \/>\n\t<meta property=\"og:image:width\" content=\"368\" \/>\n\t<meta property=\"og:image:height\" content=\"365\" \/>\n<meta name=\"twitter:card\" content=\"summary\" \/>\n<meta name=\"twitter:creator\" content=\"@MexicanConsult\" \/>\n<meta name=\"twitter:site\" content=\"@MexicanConsult\" \/>\n<script type=\"application\/ld+json\" class=\"yoast-schema-graph\">{\"@context\":\"https:\/\/schema.org\",\"@graph\":[{\"@type\":\"WebSite\",\"@id\":\"http:\/\/www.mexicanconsulting.com\/en\/#website\",\"url\":\"http:\/\/www.mexicanconsulting.com\/en\/\",\"name\":\"Mexican Consulting\",\"description\":\"Despacho de Abogados Especializados en Propiedad Intelectual\",\"potentialAction\":[{\"@type\":\"SearchAction\",\"target\":\"http:\/\/www.mexicanconsulting.com\/en\/?s={search_term_string}\",\"query-input\":\"required name=search_term_string\"}],\"inLanguage\":\"en-US\"},{\"@type\":\"ImageObject\",\"@id\":\"http:\/\/www.mexicanconsulting.com\/en\/badges-and-allies\/#primaryimage\",\"inLanguage\":\"en-US\",\"url\":\"http:\/\/www.mexicanconsulting.com\/wp-content\/uploads\/2017\/03\/ISO.png\",\"width\":368,\"height\":365,\"caption\":\"Certificaci\\u00f3n ISO 9001 | Mexican Consulting\"},{\"@type\":\"WebPage\",\"@id\":\"http:\/\/www.mexicanconsulting.com\/en\/badges-and-allies\/#webpage\",\"url\":\"http:\/\/www.mexicanconsulting.com\/en\/badges-and-allies\/\",\"name\":\"Badges And Allies | Mexican Consulting\",\"isPartOf\":{\"@id\":\"http:\/\/www.mexicanconsulting.com\/en\/#website\"},\"primaryImageOfPage\":{\"@id\":\"http:\/\/www.mexicanconsulting.com\/en\/badges-and-allies\/#primaryimage\"},\"datePublished\":\"2017-03-06T16:23:06+00:00\",\"dateModified\":\"2018-10-20T00:32:32+00:00\",\"description\":\"Badges and Allies: ISO certification and our business partners. We have the experts who can help you in any case. Contact us.\",\"inLanguage\":\"en-US\",\"potentialAction\":[{\"@type\":\"ReadAction\",\"target\":[\"http:\/\/www.mexicanconsulting.com\/en\/badges-and-allies\/\"]}]}]}<\/script>\n<!-- \/ Yoast SEO plugin. -->","_links":{"self":[{"href":"http:\/\/www.mexicanconsulting.com\/en\/wp-json\/wp\/v2\/pages\/4088","targetHints":{"allow":["GET"]}}],"collection":[{"href":"http:\/\/www.mexicanconsulting.com\/en\/wp-json\/wp\/v2\/pages"}],"about":[{"href":"http:\/\/www.mexicanconsulting.com\/en\/wp-json\/wp\/v2\/types\/page"}],"author":[{"embeddable":true,"href":"http:\/\/www.mexicanconsulting.com\/en\/wp-json\/wp\/v2\/users\/1"}],"replies":[{"embeddable":true,"href":"http:\/\/www.mexicanconsulting.com\/en\/wp-json\/wp\/v2\/comments?post=4088"}],"version-history":[{"count":6,"href":"http:\/\/www.mexicanconsulting.com\/en\/wp-json\/wp\/v2\/pages\/4088\/revisions"}],"predecessor-version":[{"id":5004,"href":"http:\/\/www.mexicanconsulting.com\/en\/wp-json\/wp\/v2\/pages\/4088\/revisions\/5004"}],"wp:featuredmedia":[{"embeddable":true,"href":"http:\/\/www.mexicanconsulting.com\/en\/wp-json\/wp\/v2\/media\/3137"}],"wp:attachment":[{"href":"http:\/\/www.mexicanconsulting.com\/en\/wp-json\/wp\/v2\/media?parent=4088"}],"curies":[{"name":"wp","href":"https:\/\/api.w.org\/{rel}","templated":true}]}}