{"id":4165,"date":"2016-12-19T19:44:29","date_gmt":"2016-12-19T19:44:29","guid":{"rendered":"http:\/\/mexicanconsulting.com\/en\/asesoria-legal-en-negocios-internacionales\/"},"modified":"2017-05-03T19:33:25","modified_gmt":"2017-05-03T19:33:25","slug":"legal-advice-in-international-business","status":"publish","type":"page","link":"http:\/\/www.mexicanconsulting.com\/en\/legal-advice-in-international-business\/","title":{"rendered":"Legal Advice In International Business"},"content":{"rendered":"<div class=\"wpb-content-wrapper\"><p>[vc_row][vc_column][vc_single_image image=&#8221;2682&#8243; img_size=&#8221;large&#8221; alignment=&#8221;center&#8221; style=&#8221;vc_box_border&#8221;][vc_column_text]<\/p>\n<div style=\"text-align: justify;\">\n<p>Mexico maintains a liberal system regarding foreign investment. Freedom to change currency and repatriate capital and to remit dividends and interests. This country does not exclude participation in any form of foreign capital in most commercial activities. Our Firm has been involved in the preparation, negotiation and execution of merger of companies, direct foreign investment, shareholders\u2019 agreements, licensing agreements and technology transfer. Our specialized lawyers have advised many foreign investors in the creation, design of operations, contracting of the structure and implementation of relations with subsidiaries, including the necessary administrative procedures before the competent authorities.<\/p>\n<\/div>\n<p>[\/vc_column_text][\/vc_column][\/vc_row][vc_row][vc_column]<div class=\"clearfix title-center\"><h2 class=\"col-title\">Our services in the field are:<\/h2><\/div>[\/vc_column][\/vc_row][vc_row][vc_column width=&#8221;1\/2&#8243;]<div class=\"services sb1 clearfix\"><div class=\"stitle mb clearfix\"><h3>Migraci\u00f3n<\/h3><\/div><p><\/p>\n<ul>\n<li>Tramitaci\u00f3n de documento migratorio por reposici\u00f3n<\/li>\n<li>Tramitaci\u00f3n de tarjeta residente por renovaci\u00f3n<\/li>\n<li>Tramitaci\u00f3n de tarjeta de visitante por ampliaci\u00f3n<\/li>\n<li>Tramitaci\u00f3n de la estancia<\/li>\n<li>Cambio de condici\u00f3n de estancia<\/li>\n<li>Reposici\u00f3n documento migratorio<\/li>\n<li>Asesor\u00eda en materia de calidades migratorias.<\/li>\n<li>Regularizaci\u00f3n de situaci\u00f3n migratoria\n<ul>\n<li>Por unidad familiar<\/li>\n<li>Por razones humanitarias<\/li>\n<li>Por tener documento vencido o por realizar actividades no autorizadas<\/li>\n<\/ul>\n<\/li>\n<li>Programa temporal de regularizaci\u00f3n migratoria<\/li>\n<li>Obtenci\u00f3n de permisos de salida y regreso<\/li>\n<li>Obtenci\u00f3n de certificado de condici\u00f3n de estancia<\/li>\n<li>Tramitaci\u00f3n de autorizaciones para la internaci\u00f3n de extranjeros con objeto de trabajar, invertir, estudiar, prestar asesor\u00eda t\u00e9cnica, sostener pl\u00e1ticas de negocios o vivir bajo dependencia econ\u00f3mica de familiares<\/li>\n<li>Obtenci\u00f3n de nacionalidad mexicana.<\/li>\n<li>Impugnaci\u00f3n de resoluciones en materia migratoria ante las autoridades administrativas y tribunales federales.<\/li>\n<li>Visas para la internaci\u00f3n de turistas, transmigrantes, visitantes, inmigrantes o emigrados<\/li>\n<li>Cambio de calidad migratoria<\/li>\n<li>Regularizaciones<\/li>\n<li>Permisos para realizar tr\u00e1mites de adopci\u00f3n, tr\u00e1mites relacionados con actos y contratos<\/li>\n<li>Autorizaciones para que los extranjeros puedan contraer matrimonio con mexicanos.<\/li>\n<li>Obtenci\u00f3n de la tarjeta de viaje para personas de negocios de APEC (ABTC) definitiva<\/li>\n<li>Tarjeta de visitante regional (TVR) Guatemala y Belice<\/li>\n<li>Expedici\u00f3n de documento migratorio por canje<\/li>\n<li>Notificaci\u00f3n de cambios al INM por parte de extranjeros residentes<\/li>\n<li>Membres\u00eda del Programa Viajero Confiable<\/li>\n<li>Reposici\u00f3n de Tarjeta de Viaje para Personas de Negocios de APEC<\/li>\n<li>Solicitud de la Tarjeta de Viaje para Personas de Negocios de APEC en su modalidad provisional<\/li>\n<li>Autorizaci\u00f3n de salida del territorio de los Estados Unidos Mexicanos de ni\u00f1as, ni\u00f1os, adolescentes o personas bajo tutela jur\u00eddica.<\/li>\n<li>Procedimiento de otorgamiento de la nacionalidad mexicana por naturalizaci\u00f3n<\/li>\n<li>Seguimiento del procedimiento de imposici\u00f3n de multa<\/li>\n<li>Importaci\u00f3n temporal de veh\u00edculos<\/li>\n<li>Solicitud para ingresar a territorio mexicano v\u00eda mar\u00edtima con fines recreativos, deportivos, descanso o para practicar actividades acu\u00e1ticas.<\/li>\n<li>Autorizaci\u00f3n electr\u00f3nica para ingresar como Visitante sin permiso para realizar actividades remuneradas (Turismo y Negocios) (Ruso, Turco y Ucraniano)<\/li>\n<\/ul>\n<p>&nbsp;<\/p>\n<p><strong>Productos en materia de migraci\u00f3n:<\/strong><\/p>\n<ul>\n<li>Seguimiento del procedimiento de imposici\u00f3n de multa<\/li>\n<li>TVR<\/li>\n<li>Tarjeta de Viaje para Personas de Negocios de APEC<\/li>\n<\/ul>\n<p><\/p><\/div><div class=\"gap clearfix\" style=\"height: 30px;\"><\/div><div class=\"services sb1 clearfix\"><div class=\"stitle mb clearfix\"><h3>Juegos y Sorteos<\/h3><\/div><p><\/p>\n<div style=\"text-align: justify;\">\n<ul>\n<li>Asesor\u00eda en la preparaci\u00f3n de las bases y mec\u00e1nicas de concursos y sorteos.<\/li>\n<li>Tramitaci\u00f3n de licencias, permisos y autorizaciones ante dependencias federales, estatales y\/o municipales.<\/li>\n<li>Cabildeo y negociaciones con las autoridades de Juegos y Sorteos.<\/li>\n<li>Asesor\u00eda legal y asistencia con motivo de la tramitaci\u00f3n de cualquier procedimiento administrativo iniciado por las autoridades<br \/>\nadministrativas, tales como visitas de verificaci\u00f3n y procedimientos de sanci\u00f3n, incluyendo la asistencia a cualquier diligencia relacionada con dichos procedimientos y comparecencias relacionadas con los mismos.<\/li>\n<li>Asesor\u00eda y representaci\u00f3n ante cualquier instancia administrativa y\/o judicial, con motivo de la interposici\u00f3n de cualquier recurso en sede administrativa para la impugnaci\u00f3n de cualquier acto de autoridad que afecte los derechos e intereses de nuestros clientes.<\/li>\n<\/ul>\n<\/div>\n<p><\/p><\/div><div class=\"gap clearfix\" style=\"height: 30px;\"><\/div>[\/vc_column][vc_column width=&#8221;1\/2&#8243;]<div class=\"services sb1 clearfix\"><div class=\"stitle mb clearfix\"><h3>Comercio Exterior y Aduanas<\/h3><\/div><p><\/p>\n<div style=\"text-align: justify;\">\n<ul>\n<li>Asistencia en la preparaci\u00f3n de estrategias para los diferentes reg\u00edmenes aduaneros<\/li>\n<li>Determinaci\u00f3n de aranceles generales y preferenciales<\/li>\n<li>Tr\u00e1mite de procedimientos administrativos en materia de pr\u00e1cticas desleales de comercio internacional (dumping, subvenciones y salvaguardias)<\/li>\n<li>Preparaci\u00f3n de certificados de origen y defensa de investigaciones de las autoridades sobre la determinaci\u00f3n del origen de mercanc\u00edas importadas al amparo de reg\u00edmenes preferenciales<\/li>\n<li>Procedimientos para eximir a importadores de la obligaci\u00f3n de pagar cuotas compensatorias definitivas<\/li>\n<li>Registro de empresas en el Padr\u00f3n General de Importadores<\/li>\n<li>Clasificaci\u00f3n arancelaria de mercanc\u00edas<\/li>\n<li>Valoraci\u00f3n aduanera de mercanc\u00edas importadas y precios de transferencia<\/li>\n<li>Determinaci\u00f3n, tr\u00e1mite y obtenci\u00f3n de certificados de cumplimiento de Normas Oficiales Mexicanas (\u201cNOMs\u201d) obligatorias en el punto de entrada al pa\u00eds<\/li>\n<li>Reglas y restricciones no arancelarias, avisos, permisos y autorizaciones ante autoridades federales para la importaci\u00f3n y exportaci\u00f3n de mercanc\u00edas<\/li>\n<li>Defensa contra resoluciones de autoridades aduaneras emitidas como resultado del despacho aduanero<\/li>\n<li>Auditor\u00edas preventivas y correctivas<\/li>\n<li>Programas de exportaci\u00f3n<\/li>\n<li>Incluyendo el Programa para la Industria Manufacturera, Maquiladora y de Servicios de Exportaci\u00f3n (IMMEX);<br \/>\nRegistro de empresas certificadas<\/li>\n<li>Negociaciones para la eliminaci\u00f3n y\/o reducci\u00f3n de aranceles para la importaci\u00f3n de mercanc\u00edas<\/li>\n<li>Tramitaci\u00f3n y obtenci\u00f3n de permisos y registros sanitarios ante la Comisi\u00f3n Federal para la Protecci\u00f3n Contra Riesgos Sanitarios (COFEPRIS)<\/li>\n<li>Fabricaci\u00f3n, suministro, distribuci\u00f3n e importaci\u00f3n de productos sujetos a disposiciones sanitarias<\/li>\n<li>Tramite y obtenci\u00f3n de permisos, generales ordinarios y extraordinarios.<\/li>\n<\/ul>\n<\/div>\n<p><\/p><\/div><div class=\"gap clearfix\" style=\"height: 30px;\"><\/div><div class=\"services sb1 clearfix\"><div class=\"stitle mb clearfix\"><h3>Franquicias<\/h3><\/div><p><\/p>\n<div style=\"text-align: justify;\">\n<ul>\n<li>Establecimiento de franquicias.<\/li>\n<li>Negociaci\u00f3n y preparaci\u00f3n del contrato de la franquicia y de los documentos relacionados con el mismo.<\/li>\n<li>Asesor\u00eda y asistencia en el desarrollo de planes de financiamiento para la franquicia.<\/li>\n<li>Asesor\u00eda y asistencia en cuestiones laborales y recursos humanos.<\/li>\n<\/ul>\n<\/div>\n<p><\/p><\/div><div class=\"gap clearfix\" style=\"height: 30px;\"><\/div><div class=\"services sb1 clearfix\"><div class=\"stitle mb clearfix\"><h3>Inversi\u00f3n Extranjera<\/h3><\/div><p><\/p>\n<div style=\"text-align: justify;\">\n<ul>\n<li style=\"list-style-type: none;\">\n<ul>\n<li>Apertura de sucursales y empresas subsidiarias<\/li>\n<li>Oficinas de representaci\u00f3n y establecimientos permanentes<\/li>\n<li>La tramitaci\u00f3n de permisos ante la Secretar\u00eda de Relaciones Exteriores para la constituci\u00f3n de sociedades<\/li>\n<li>Cambios de denominaci\u00f3n o raz\u00f3n social y transformaciones.<\/li>\n<li>Certificados respecto a la integraci\u00f3n del capital social<\/li>\n<li>Obtenci\u00f3n de autorizaciones de la Comisi\u00f3n Nacional de Inversiones Extranjeras<\/li>\n<li>Tramitaci\u00f3n ante notarios y corredores p\u00fablicos de la formalizaci\u00f3n o certificaci\u00f3n de operaciones y protocolizaci\u00f3n de actas.<\/li>\n<li>Inscripci\u00f3n de sociedades y sucursales ante el Registro Nacional de Inversiones Extranjeras y seguimiento al cumplimiento de obligaciones ante dicha dependencia, incluyendo la preparaci\u00f3n y presentaci\u00f3n de avisos relativos a movimientos corporativos, as\u00ed como la revisi\u00f3n y presentaci\u00f3n de informes econ\u00f3micos, tanto anuales como trimestrales.<\/li>\n<li>Asesor\u00eda sobre asociaciones<\/li>\n<\/ul>\n<\/li>\n<\/ul>\n<\/div>\n<p><\/p><\/div>[\/vc_column][\/vc_row][vc_row][vc_column]<div class=\"gap clearfix\" style=\"height: 30px;\"><\/div><div class=\"action mbf style1 light clearfix\"><div class=\"inner\"><i class=\"action-icon icon-legal\"  style=\"color:#d5005a !important;\" ><\/i><div class=\"flr\"><a class='tbutton medium tbutton5 ' href='http:\/\/mexicanconsulting.com\/en\/contact\/' target='_self'  style=\"border-color:#007a82;color:#007a82;\" ><span>Send Message<\/span><\/a><\/div><div class=\"matn\"><h4>Send us your case <\/h4><p>Our advice assesses the operational framework of each client, the interest groups, as well as the impact of our recommendations on all aspects that influence within the scope of our client.<\/p><\/div><\/div><\/div><div class=\"gap clearfix\" style=\"height: 30px;\"><\/div>[\/vc_column][\/vc_row]<\/p>\n<p>[vc_row][vc_column]<div class=\"clearfix title-center\"><h2 class=\"col-title\">Legal Consulting Services<\/h2><\/div>[vc_row_inner][vc_column_inner width=&#8221;1\/6&#8243;][vc_single_image image=&#8221;2725&#8243; img_size=&#8221;full&#8221; alignment=&#8221;center&#8221; style=&#8221;vc_box_rounded&#8221; onclick=&#8221;custom_link&#8221; css_animation=&#8221;fadeIn&#8221; link=&#8221;http:\/\/mexicanconsulting.com\/en\/legal-advice-on-intellectual-property\/&#8221;][vc_column_text]<\/p>\n<h4 style=\"text-align: center;\">Intellectual Property<\/h4>\n<p>[\/vc_column_text][\/vc_column_inner][vc_column_inner width=&#8221;1\/6&#8243;][vc_single_image image=&#8221;3227&#8243; img_size=&#8221;full&#8221; alignment=&#8221;center&#8221; style=&#8221;vc_box_rounded&#8221; onclick=&#8221;custom_link&#8221; css_animation=&#8221;fadeIn&#8221; link=&#8221;http:\/\/mexicanconsulting.com\/en\/legal-advice-for-corporate-offices\/&#8221;][vc_column_text]<\/p>\n<h4 style=\"text-align: center;\">Corporate Law<\/h4>\n<p>[\/vc_column_text][\/vc_column_inner][vc_column_inner width=&#8221;1\/6&#8243;][vc_single_image image=&#8221;3231&#8243; img_size=&#8221;full&#8221; alignment=&#8221;center&#8221; style=&#8221;vc_box_rounded&#8221; onclick=&#8221;custom_link&#8221; css_animation=&#8221;fadeIn&#8221; link=&#8221;http:\/\/mexicanconsulting.com\/en\/legal-advice-in-civil-law\/&#8221;][vc_column_text]<\/p>\n<h4 style=\"text-align: center;\">Civil Law<\/h4>\n<p>[\/vc_column_text][\/vc_column_inner][vc_column_inner width=&#8221;1\/6&#8243;][vc_single_image image=&#8221;2712&#8243; img_size=&#8221;full&#8221; alignment=&#8221;center&#8221; style=&#8221;vc_box_rounded&#8221; onclick=&#8221;custom_link&#8221; css_animation=&#8221;fadeIn&#8221; link=&#8221;http:\/\/mexicanconsulting.com\/en\/legal-advice-in-administrative-law\/&#8221;][vc_column_text]<\/p>\n<h4 style=\"text-align: center;\">Administrative Law<\/h4>\n<p>[\/vc_column_text][\/vc_column_inner][vc_column_inner width=&#8221;1\/6&#8243;][vc_single_image image=&#8221;2720&#8243; img_size=&#8221;full&#8221; alignment=&#8221;center&#8221; style=&#8221;vc_box_rounded&#8221; onclick=&#8221;custom_link&#8221; css_animation=&#8221;fadeIn&#8221; link=&#8221;http:\/\/mexicanconsulting.com\/en\/legal-advice-in-labor-law\/&#8221;][vc_column_text]<\/p>\n<h4 style=\"text-align: center;\">Labor Law<\/h4>\n<p>[\/vc_column_text][\/vc_column_inner][vc_column_inner width=&#8221;1\/6&#8243;][vc_single_image image=&#8221;2721&#8243; img_size=&#8221;full&#8221; alignment=&#8221;center&#8221; style=&#8221;vc_box_rounded&#8221; onclick=&#8221;custom_link&#8221; css_animation=&#8221;fadeIn&#8221; link=&#8221;http:\/\/mexicanconsulting.com\/en\/legal-advice-in-commercial-law\/&#8221;][vc_column_text]<\/p>\n<h4 style=\"text-align: center;\">Business Law<\/h4>\n<p>[\/vc_column_text][\/vc_column_inner][\/vc_row_inner][vc_row_inner][vc_column_inner width=&#8221;1\/6&#8243;][vc_single_image image=&#8221;2718&#8243; img_size=&#8221;full&#8221; alignment=&#8221;center&#8221; style=&#8221;vc_box_rounded&#8221; onclick=&#8221;custom_link&#8221; css_animation=&#8221;fadeIn&#8221; link=&#8221;http:\/\/mexicanconsulting.com\/en\/legal-advice-in-family-law\/&#8221;][vc_column_text]<\/p>\n<h4 style=\"text-align: center;\">Family Law<\/h4>\n<p>[\/vc_column_text][\/vc_column_inner][vc_column_inner width=&#8221;1\/6&#8243;][vc_single_image image=&#8221;2723&#8243; img_size=&#8221;full&#8221; alignment=&#8221;center&#8221; style=&#8221;vc_box_rounded&#8221; onclick=&#8221;custom_link&#8221; css_animation=&#8221;fadeIn&#8221; link=&#8221;http:\/\/mexicanconsulting.com\/en\/legal-advice-in-criminal-law\/&#8221;][vc_column_text]<\/p>\n<h4 style=\"text-align: center;\">Criminal Law<\/h4>\n<p>[\/vc_column_text][\/vc_column_inner][vc_column_inner width=&#8221;1\/6&#8243;][vc_single_image image=&#8221;2714&#8243; img_size=&#8221;full&#8221; alignment=&#8221;center&#8221; style=&#8221;vc_box_rounded&#8221; onclick=&#8221;custom_link&#8221; css_animation=&#8221;fadeIn&#8221; link=&#8221;http:\/\/mexicanconsulting.com\/en\/legal-advice-regarding-amparos\/&#8221;][vc_column_text]<\/p>\n<h4 style=\"text-align: center;\">Generation of Amparos<\/h4>\n<p>[\/vc_column_text][\/vc_column_inner][vc_column_inner width=&#8221;1\/6&#8243;][vc_single_image image=&#8221;2719&#8243; img_size=&#8221;full&#8221; alignment=&#8221;center&#8221; style=&#8221;vc_box_rounded&#8221; onclick=&#8221;custom_link&#8221; css_animation=&#8221;fadeIn&#8221; link=&#8221;http:\/\/mexicanconsulting.com\/en\/legal-advice-in-real-estate-law\/&#8221;][vc_column_text]<\/p>\n<h4 style=\"text-align: center;\">Real Estate Law<\/h4>\n<p>[\/vc_column_text][\/vc_column_inner][vc_column_inner width=&#8221;1\/6&#8243;][vc_single_image image=&#8221;2722&#8243; img_size=&#8221;full&#8221; alignment=&#8221;center&#8221; style=&#8221;vc_box_rounded&#8221; onclick=&#8221;custom_link&#8221; css_animation=&#8221;fadeIn&#8221; link=&#8221;http:\/\/mexicanconsulting.com\/en\/legal-advice-in-international-business\/&#8221;][vc_column_text]<\/p>\n<h4 style=\"text-align: center;\">International Business<\/h4>\n<p>[\/vc_column_text][\/vc_column_inner][vc_column_inner width=&#8221;1\/6&#8243;][vc_single_image image=&#8221;2713&#8243; img_size=&#8221;full&#8221; alignment=&#8221;center&#8221; style=&#8221;vc_box_rounded&#8221; onclick=&#8221;custom_link&#8221; css_animation=&#8221;fadeIn&#8221; link=&#8221;http:\/\/mexicanconsulting.com\/en\/legal-advice-in-strategic-alliances\/&#8221;][vc_column_text]<\/p>\n<h4 style=\"text-align: center;\">Business Alliances<\/h4>\n<p>[\/vc_column_text][\/vc_column_inner][\/vc_row_inner][\/vc_column][\/vc_row]<\/p>\n<\/div>\n<div class=\"twitter-share\"><a href=\"https:\/\/twitter.com\/intent\/tweet?via=MexicanConsult\" class=\"twitter-share-button\" data-size=\"large\">Tweet<\/a><\/div>\n","protected":false},"excerpt":{"rendered":"<p>[vc_row][vc_column][vc_single_image image=&#8221;2682&#8243; img_size=&#8221;large&#8221; alignment=&#8221;center&#8221; style=&#8221;vc_box_border&#8221;][vc_column_text] Mexico maintains a liberal system regarding foreign investment. Freedom to change currency and repatriate capital and to remit dividends and interests. This country does not [&hellip;]<\/p>\n","protected":false},"author":1,"featured_media":4285,"parent":0,"menu_order":0,"comment_status":"closed","ping_status":"closed","template":"","meta":{"footnotes":""},"class_list":["post-4165","page","type-page","status-publish","has-post-thumbnail","hentry"],"yoast_head":"<!-- This site is optimized with the Yoast SEO plugin v14.3 - https:\/\/yoast.com\/wordpress\/plugins\/seo\/ -->\n<title>Legal Advice In International Business | Mexican Consulting<\/title>\n<meta name=\"description\" content=\"Legal Advising in International Business: Preparation, negotiation and execution of mergers, foreign direct investment, shareholders&#039; agreements.\" \/>\n<meta name=\"robots\" content=\"index, follow\" \/>\n<meta name=\"googlebot\" content=\"index, follow, max-snippet:-1, max-image-preview:large, max-video-preview:-1\" \/>\n<meta name=\"bingbot\" content=\"index, follow, max-snippet:-1, max-image-preview:large, max-video-preview:-1\" \/>\n<link rel=\"canonical\" href=\"http:\/\/www.mexicanconsulting.com\/en\/legal-advice-in-international-business\/\" \/>\n<meta property=\"og:locale\" content=\"en_US\" \/>\n<meta property=\"og:type\" content=\"article\" \/>\n<meta property=\"og:title\" content=\"Legal Advice In International Business | Mexican Consulting\" \/>\n<meta property=\"og:description\" content=\"Legal Advising in International Business: Preparation, negotiation and execution of mergers, foreign direct investment, shareholders&#039; agreements.\" \/>\n<meta property=\"og:url\" content=\"http:\/\/www.mexicanconsulting.com\/en\/legal-advice-in-international-business\/\" \/>\n<meta property=\"og:site_name\" content=\"Mexican Consulting\" \/>\n<meta property=\"article:publisher\" content=\"https:\/\/www.facebook.com\/MexicanConsult\" \/>\n<meta property=\"article:modified_time\" content=\"2017-05-03T19:33:25+00:00\" \/>\n<meta property=\"og:image\" content=\"http:\/\/www.mexicanconsulting.com\/wp-content\/uploads\/2016\/12\/mexican-consulting-legal-services-iternational-business.jpg\" \/>\n\t<meta property=\"og:image:width\" content=\"1022\" \/>\n\t<meta property=\"og:image:height\" content=\"553\" \/>\n<meta name=\"twitter:card\" content=\"summary\" \/>\n<meta name=\"twitter:creator\" content=\"@MexicanConsult\" \/>\n<meta name=\"twitter:site\" content=\"@MexicanConsult\" \/>\n<script type=\"application\/ld+json\" class=\"yoast-schema-graph\">{\"@context\":\"https:\/\/schema.org\",\"@graph\":[{\"@type\":\"WebSite\",\"@id\":\"http:\/\/www.mexicanconsulting.com\/en\/#website\",\"url\":\"http:\/\/www.mexicanconsulting.com\/en\/\",\"name\":\"Mexican Consulting\",\"description\":\"Despacho de Abogados Especializados en Propiedad Intelectual\",\"potentialAction\":[{\"@type\":\"SearchAction\",\"target\":\"http:\/\/www.mexicanconsulting.com\/en\/?s={search_term_string}\",\"query-input\":\"required name=search_term_string\"}],\"inLanguage\":\"en-US\"},{\"@type\":\"ImageObject\",\"@id\":\"http:\/\/www.mexicanconsulting.com\/en\/legal-advice-in-international-business\/#primaryimage\",\"inLanguage\":\"en-US\",\"url\":\"http:\/\/www.mexicanconsulting.com\/wp-content\/uploads\/2016\/12\/mexican-consulting-legal-services-iternational-business.jpg\",\"width\":1022,\"height\":553,\"caption\":\"Legal Advice In International Business | Mexican Consulting\"},{\"@type\":\"WebPage\",\"@id\":\"http:\/\/www.mexicanconsulting.com\/en\/legal-advice-in-international-business\/#webpage\",\"url\":\"http:\/\/www.mexicanconsulting.com\/en\/legal-advice-in-international-business\/\",\"name\":\"Legal Advice In International Business | Mexican Consulting\",\"isPartOf\":{\"@id\":\"http:\/\/www.mexicanconsulting.com\/en\/#website\"},\"primaryImageOfPage\":{\"@id\":\"http:\/\/www.mexicanconsulting.com\/en\/legal-advice-in-international-business\/#primaryimage\"},\"datePublished\":\"2016-12-19T19:44:29+00:00\",\"dateModified\":\"2017-05-03T19:33:25+00:00\",\"description\":\"Legal Advising in International Business: Preparation, negotiation and execution of mergers, foreign direct investment, shareholders' agreements.\",\"inLanguage\":\"en-US\",\"potentialAction\":[{\"@type\":\"ReadAction\",\"target\":[\"http:\/\/www.mexicanconsulting.com\/en\/legal-advice-in-international-business\/\"]}]}]}<\/script>\n<!-- \/ Yoast SEO plugin. -->","_links":{"self":[{"href":"http:\/\/www.mexicanconsulting.com\/en\/wp-json\/wp\/v2\/pages\/4165","targetHints":{"allow":["GET"]}}],"collection":[{"href":"http:\/\/www.mexicanconsulting.com\/en\/wp-json\/wp\/v2\/pages"}],"about":[{"href":"http:\/\/www.mexicanconsulting.com\/en\/wp-json\/wp\/v2\/types\/page"}],"author":[{"embeddable":true,"href":"http:\/\/www.mexicanconsulting.com\/en\/wp-json\/wp\/v2\/users\/1"}],"replies":[{"embeddable":true,"href":"http:\/\/www.mexicanconsulting.com\/en\/wp-json\/wp\/v2\/comments?post=4165"}],"version-history":[{"count":5,"href":"http:\/\/www.mexicanconsulting.com\/en\/wp-json\/wp\/v2\/pages\/4165\/revisions"}],"predecessor-version":[{"id":4227,"href":"http:\/\/www.mexicanconsulting.com\/en\/wp-json\/wp\/v2\/pages\/4165\/revisions\/4227"}],"wp:featuredmedia":[{"embeddable":true,"href":"http:\/\/www.mexicanconsulting.com\/en\/wp-json\/wp\/v2\/media\/4285"}],"wp:attachment":[{"href":"http:\/\/www.mexicanconsulting.com\/en\/wp-json\/wp\/v2\/media?parent=4165"}],"curies":[{"name":"wp","href":"https:\/\/api.w.org\/{rel}","templated":true}]}}