{"id":4171,"date":"2016-12-19T21:04:58","date_gmt":"2016-12-19T21:04:58","guid":{"rendered":"http:\/\/mexicanconsulting.com\/en\/asesoria-legal-en-alianzas-estrategicas\/"},"modified":"2017-05-03T19:30:00","modified_gmt":"2017-05-03T19:30:00","slug":"legal-advice-in-strategic-alliances","status":"publish","type":"page","link":"http:\/\/www.mexicanconsulting.com\/en\/legal-advice-in-strategic-alliances\/","title":{"rendered":"Legal Advice In Strategic Alliances"},"content":{"rendered":"<div class=\"wpb-content-wrapper\"><p>[vc_row][vc_column]<div class=\"gap clearfix\" style=\"height: 30px;\"><\/div><div class=\"clearfix title-center\"><h2 class=\"col-title\">Solutions In All Fields<\/h2><\/div>[\/vc_column][\/vc_row][vc_row][vc_column width=&#8221;1\/2&#8243;][vc_column_text]<\/p>\n<h2>Legal Advice In Strategic Alliances<\/h2>\n<p>Through 9 years of operation, we have extended our network of alliances with other firms with the purpose of offering the best solutions in the services required by our clients. These strategic alliances have allowed us to improve business and social integration, which in turn foster more effective forms of participation. It has empowered us with a better understanding between the different sectors, governance is simpler and more efficient, the practical coordination of different actors is more fluid and effective, and the possibilities for obtaining key information, participation in decisions, actions and benefits were increased by all the players in our alliances.<\/p>\n<p style=\"text-align: center;\"><strong>Services we offer with our alliances:<\/strong><\/p>\n<h3 style=\"text-align: center;\">Migratory<\/h3>\n<h3 style=\"text-align: center;\">Labor and Social Security<\/h3>\n<h3 style=\"text-align: center;\">General Litigation<\/h3>\n<h3 style=\"text-align: center;\">Environment<\/h3>\n<h3 style=\"text-align: center;\">Actions and Collective Amparos<\/h3>\n<h3 style=\"text-align: center;\">Energetic<\/h3>\n<h3 style=\"text-align: center;\">NAFTA<\/h3>\n<h3 style=\"text-align: center;\">Telecommunications<\/h3>\n<h3 style=\"text-align: center;\">Transportation<\/h3>\n<h3 style=\"text-align: center;\">Arbitrations<\/h3>\n<h3 style=\"text-align: center;\">Mediation<\/h3>\n<h3 style=\"text-align: center;\">Strategic Alliances Consulting<\/h3>\n<p>[\/vc_column_text][\/vc_column][vc_column width=&#8221;1\/2&#8243;][vc_single_image image=&#8221;2713&#8243; img_size=&#8221;large&#8221; alignment=&#8221;right&#8221; style=&#8221;vc_box_border&#8221;][\/vc_column][\/vc_row][vc_row][vc_column]<div class=\"gap clearfix\" style=\"height: 30px;\"><\/div><div class=\"action mbf style1 light clearfix\"><div class=\"inner\"><i class=\"action-icon icon-legal\"  style=\"color:#d5005a !important;\" ><\/i><div class=\"flr\"><a class='tbutton medium tbutton5 ' href='http:\/\/mexicanconsulting.com\/desarrollo\/index.php\/contacto\/' target='_self'  style=\"border-color:#007a82;color:#007a82;\" ><span>Enviar Mensaje<\/span><\/a><\/div><div class=\"matn\"><h4>Env\u00edenos su caso<\/h4><p>Nuestra asesor\u00eda eval\u00faa el marco operativo de cada cliente, los grupos de inter\u00e9s, as\u00ed como tambi\u00e9n el impacto que tienen nuestras recomendaciones en todos los aspectos que influyen dentro del \u00e1mbito de acci\u00f3n de nuestro cliente. <\/p><\/div><\/div><\/div><div class=\"gap clearfix\" style=\"height: 30px;\"><\/div>[\/vc_column][\/vc_row]<\/p>\n<p>[vc_row][vc_column]<div class=\"clearfix title-center\"><h2 class=\"col-title\">Legal Consulting Services<\/h2><\/div>[vc_row_inner][vc_column_inner width=&#8221;1\/6&#8243;][vc_single_image image=&#8221;2725&#8243; img_size=&#8221;full&#8221; alignment=&#8221;center&#8221; style=&#8221;vc_box_rounded&#8221; onclick=&#8221;custom_link&#8221; css_animation=&#8221;fadeIn&#8221; link=&#8221;http:\/\/mexicanconsulting.com\/en\/legal-advice-on-intellectual-property\/&#8221;][vc_column_text]<\/p>\n<h4 style=\"text-align: center;\">Intellectual Property<\/h4>\n<p>[\/vc_column_text][\/vc_column_inner][vc_column_inner width=&#8221;1\/6&#8243;][vc_single_image image=&#8221;3227&#8243; img_size=&#8221;full&#8221; alignment=&#8221;center&#8221; style=&#8221;vc_box_rounded&#8221; onclick=&#8221;custom_link&#8221; css_animation=&#8221;fadeIn&#8221; link=&#8221;http:\/\/mexicanconsulting.com\/en\/legal-advice-for-corporate-offices\/&#8221;][vc_column_text]<\/p>\n<h4 style=\"text-align: center;\">Corporate Law<\/h4>\n<p>[\/vc_column_text][\/vc_column_inner][vc_column_inner width=&#8221;1\/6&#8243;][vc_single_image image=&#8221;3231&#8243; img_size=&#8221;full&#8221; alignment=&#8221;center&#8221; style=&#8221;vc_box_rounded&#8221; onclick=&#8221;custom_link&#8221; css_animation=&#8221;fadeIn&#8221; link=&#8221;http:\/\/mexicanconsulting.com\/en\/legal-advice-in-civil-law\/&#8221;][vc_column_text]<\/p>\n<h4 style=\"text-align: center;\">Civil Law<\/h4>\n<p>[\/vc_column_text][\/vc_column_inner][vc_column_inner width=&#8221;1\/6&#8243;][vc_single_image image=&#8221;2712&#8243; img_size=&#8221;full&#8221; alignment=&#8221;center&#8221; style=&#8221;vc_box_rounded&#8221; onclick=&#8221;custom_link&#8221; css_animation=&#8221;fadeIn&#8221; link=&#8221;http:\/\/mexicanconsulting.com\/en\/legal-advice-in-administrative-law\/&#8221;][vc_column_text]<\/p>\n<h4 style=\"text-align: center;\">Administrative Law<\/h4>\n<p>[\/vc_column_text][\/vc_column_inner][vc_column_inner width=&#8221;1\/6&#8243;][vc_single_image image=&#8221;2720&#8243; img_size=&#8221;full&#8221; alignment=&#8221;center&#8221; style=&#8221;vc_box_rounded&#8221; onclick=&#8221;custom_link&#8221; css_animation=&#8221;fadeIn&#8221; link=&#8221;http:\/\/mexicanconsulting.com\/en\/legal-advice-in-labor-law\/&#8221;][vc_column_text]<\/p>\n<h4 style=\"text-align: center;\">Labor Law<\/h4>\n<p>[\/vc_column_text][\/vc_column_inner][vc_column_inner width=&#8221;1\/6&#8243;][vc_single_image image=&#8221;2721&#8243; img_size=&#8221;full&#8221; alignment=&#8221;center&#8221; style=&#8221;vc_box_rounded&#8221; onclick=&#8221;custom_link&#8221; css_animation=&#8221;fadeIn&#8221; link=&#8221;http:\/\/mexicanconsulting.com\/en\/legal-advice-in-commercial-law\/&#8221;][vc_column_text]<\/p>\n<h4 style=\"text-align: center;\">Business Law<\/h4>\n<p>[\/vc_column_text][\/vc_column_inner][\/vc_row_inner][vc_row_inner][vc_column_inner width=&#8221;1\/6&#8243;][vc_single_image image=&#8221;2718&#8243; img_size=&#8221;full&#8221; alignment=&#8221;center&#8221; style=&#8221;vc_box_rounded&#8221; onclick=&#8221;custom_link&#8221; css_animation=&#8221;fadeIn&#8221; link=&#8221;http:\/\/mexicanconsulting.com\/en\/legal-advice-in-family-law\/&#8221;][vc_column_text]<\/p>\n<h4 style=\"text-align: center;\">Family Law<\/h4>\n<p>[\/vc_column_text][\/vc_column_inner][vc_column_inner width=&#8221;1\/6&#8243;][vc_single_image image=&#8221;2723&#8243; img_size=&#8221;full&#8221; alignment=&#8221;center&#8221; style=&#8221;vc_box_rounded&#8221; onclick=&#8221;custom_link&#8221; css_animation=&#8221;fadeIn&#8221; link=&#8221;http:\/\/mexicanconsulting.com\/en\/legal-advice-in-criminal-law\/&#8221;][vc_column_text]<\/p>\n<h4 style=\"text-align: center;\">Criminal Law<\/h4>\n<p>[\/vc_column_text][\/vc_column_inner][vc_column_inner width=&#8221;1\/6&#8243;][vc_single_image image=&#8221;2714&#8243; img_size=&#8221;full&#8221; alignment=&#8221;center&#8221; style=&#8221;vc_box_rounded&#8221; onclick=&#8221;custom_link&#8221; css_animation=&#8221;fadeIn&#8221; link=&#8221;http:\/\/mexicanconsulting.com\/en\/legal-advice-regarding-amparos\/&#8221;][vc_column_text]<\/p>\n<h4 style=\"text-align: center;\">Generation of Amparos<\/h4>\n<p>[\/vc_column_text][\/vc_column_inner][vc_column_inner width=&#8221;1\/6&#8243;][vc_single_image image=&#8221;2719&#8243; img_size=&#8221;full&#8221; alignment=&#8221;center&#8221; style=&#8221;vc_box_rounded&#8221; onclick=&#8221;custom_link&#8221; css_animation=&#8221;fadeIn&#8221; link=&#8221;http:\/\/mexicanconsulting.com\/en\/legal-advice-in-real-estate-law\/&#8221;][vc_column_text]<\/p>\n<h4 style=\"text-align: center;\">Real Estate Law<\/h4>\n<p>[\/vc_column_text][\/vc_column_inner][vc_column_inner width=&#8221;1\/6&#8243;][vc_single_image image=&#8221;2722&#8243; img_size=&#8221;full&#8221; alignment=&#8221;center&#8221; style=&#8221;vc_box_rounded&#8221; onclick=&#8221;custom_link&#8221; css_animation=&#8221;fadeIn&#8221; link=&#8221;http:\/\/mexicanconsulting.com\/en\/legal-advice-in-international-business\/&#8221;][vc_column_text]<\/p>\n<h4 style=\"text-align: center;\">International Business<\/h4>\n<p>[\/vc_column_text][\/vc_column_inner][vc_column_inner width=&#8221;1\/6&#8243;][vc_single_image image=&#8221;2713&#8243; img_size=&#8221;full&#8221; alignment=&#8221;center&#8221; style=&#8221;vc_box_rounded&#8221; onclick=&#8221;custom_link&#8221; css_animation=&#8221;fadeIn&#8221; link=&#8221;http:\/\/mexicanconsulting.com\/en\/legal-advice-in-strategic-alliances\/&#8221;][vc_column_text]<\/p>\n<h4 style=\"text-align: center;\">Business Alliances<\/h4>\n<p>[\/vc_column_text][\/vc_column_inner][\/vc_row_inner][\/vc_column][\/vc_row]<\/p>\n<\/div>\n<div class=\"twitter-share\"><a href=\"https:\/\/twitter.com\/intent\/tweet?via=MexicanConsult\" class=\"twitter-share-button\" data-size=\"large\">Tweet<\/a><\/div>\n","protected":false},"excerpt":{"rendered":"<p>[vc_row][vc_column][\/vc_column][\/vc_row][vc_row][vc_column width=&#8221;1\/2&#8243;][vc_column_text] Legal Advice In Strategic Alliances Through 9 years of operation, we have extended our network of alliances with other firms with the purpose of offering the best solutions [&hellip;]<\/p>\n","protected":false},"author":1,"featured_media":4274,"parent":0,"menu_order":0,"comment_status":"closed","ping_status":"closed","template":"","meta":{"footnotes":""},"class_list":["post-4171","page","type-page","status-publish","has-post-thumbnail","hentry"],"yoast_head":"<!-- This site is optimized with the Yoast SEO plugin v14.3 - https:\/\/yoast.com\/wordpress\/plugins\/seo\/ -->\n<title>Legal Advice In Strategic Alliances | Mexican Consulting<\/title>\n<meta name=\"description\" content=\"Our legal advice in strategic alliances allows us to improve business and social integration, fostering more effective forms of participation.\" \/>\n<meta name=\"robots\" content=\"index, follow\" \/>\n<meta name=\"googlebot\" content=\"index, follow, max-snippet:-1, max-image-preview:large, max-video-preview:-1\" \/>\n<meta name=\"bingbot\" content=\"index, follow, max-snippet:-1, max-image-preview:large, max-video-preview:-1\" \/>\n<link rel=\"canonical\" href=\"http:\/\/www.mexicanconsulting.com\/en\/legal-advice-in-strategic-alliances\/\" \/>\n<meta property=\"og:locale\" content=\"en_US\" \/>\n<meta property=\"og:type\" content=\"article\" \/>\n<meta property=\"og:title\" content=\"Legal Advice In Strategic Alliances | Mexican Consulting\" \/>\n<meta property=\"og:description\" content=\"Our legal advice in strategic alliances allows us to improve business and social integration, fostering more effective forms of participation.\" \/>\n<meta property=\"og:url\" content=\"http:\/\/www.mexicanconsulting.com\/en\/legal-advice-in-strategic-alliances\/\" \/>\n<meta property=\"og:site_name\" content=\"Mexican Consulting\" \/>\n<meta property=\"article:publisher\" content=\"https:\/\/www.facebook.com\/MexicanConsult\" \/>\n<meta property=\"article:modified_time\" content=\"2017-05-03T19:30:00+00:00\" \/>\n<meta property=\"og:image\" content=\"http:\/\/www.mexicanconsulting.com\/wp-content\/uploads\/2016\/12\/mexican-consulting-legal-services-strategic-alliances.jpg\" \/>\n\t<meta property=\"og:image:width\" content=\"630\" \/>\n\t<meta property=\"og:image:height\" content=\"400\" \/>\n<meta name=\"twitter:card\" content=\"summary\" \/>\n<meta name=\"twitter:creator\" content=\"@MexicanConsult\" \/>\n<meta name=\"twitter:site\" content=\"@MexicanConsult\" \/>\n<script type=\"application\/ld+json\" class=\"yoast-schema-graph\">{\"@context\":\"https:\/\/schema.org\",\"@graph\":[{\"@type\":\"WebSite\",\"@id\":\"http:\/\/www.mexicanconsulting.com\/en\/#website\",\"url\":\"http:\/\/www.mexicanconsulting.com\/en\/\",\"name\":\"Mexican Consulting\",\"description\":\"Despacho de Abogados Especializados en Propiedad Intelectual\",\"potentialAction\":[{\"@type\":\"SearchAction\",\"target\":\"http:\/\/www.mexicanconsulting.com\/en\/?s={search_term_string}\",\"query-input\":\"required name=search_term_string\"}],\"inLanguage\":\"en-US\"},{\"@type\":\"ImageObject\",\"@id\":\"http:\/\/www.mexicanconsulting.com\/en\/legal-advice-in-strategic-alliances\/#primaryimage\",\"inLanguage\":\"en-US\",\"url\":\"http:\/\/www.mexicanconsulting.com\/wp-content\/uploads\/2016\/12\/mexican-consulting-legal-services-strategic-alliances.jpg\",\"width\":630,\"height\":400,\"caption\":\"Legal Advice In Strategic Alliances | Mexican Consulting\"},{\"@type\":\"WebPage\",\"@id\":\"http:\/\/www.mexicanconsulting.com\/en\/legal-advice-in-strategic-alliances\/#webpage\",\"url\":\"http:\/\/www.mexicanconsulting.com\/en\/legal-advice-in-strategic-alliances\/\",\"name\":\"Legal Advice In Strategic Alliances | Mexican Consulting\",\"isPartOf\":{\"@id\":\"http:\/\/www.mexicanconsulting.com\/en\/#website\"},\"primaryImageOfPage\":{\"@id\":\"http:\/\/www.mexicanconsulting.com\/en\/legal-advice-in-strategic-alliances\/#primaryimage\"},\"datePublished\":\"2016-12-19T21:04:58+00:00\",\"dateModified\":\"2017-05-03T19:30:00+00:00\",\"description\":\"Our legal advice in strategic alliances allows us to improve business and social integration, fostering more effective forms of participation.\",\"inLanguage\":\"en-US\",\"potentialAction\":[{\"@type\":\"ReadAction\",\"target\":[\"http:\/\/www.mexicanconsulting.com\/en\/legal-advice-in-strategic-alliances\/\"]}]}]}<\/script>\n<!-- \/ Yoast SEO plugin. -->","_links":{"self":[{"href":"http:\/\/www.mexicanconsulting.com\/en\/wp-json\/wp\/v2\/pages\/4171","targetHints":{"allow":["GET"]}}],"collection":[{"href":"http:\/\/www.mexicanconsulting.com\/en\/wp-json\/wp\/v2\/pages"}],"about":[{"href":"http:\/\/www.mexicanconsulting.com\/en\/wp-json\/wp\/v2\/types\/page"}],"author":[{"embeddable":true,"href":"http:\/\/www.mexicanconsulting.com\/en\/wp-json\/wp\/v2\/users\/1"}],"replies":[{"embeddable":true,"href":"http:\/\/www.mexicanconsulting.com\/en\/wp-json\/wp\/v2\/comments?post=4171"}],"version-history":[{"count":3,"href":"http:\/\/www.mexicanconsulting.com\/en\/wp-json\/wp\/v2\/pages\/4171\/revisions"}],"predecessor-version":[{"id":4230,"href":"http:\/\/www.mexicanconsulting.com\/en\/wp-json\/wp\/v2\/pages\/4171\/revisions\/4230"}],"wp:featuredmedia":[{"embeddable":true,"href":"http:\/\/www.mexicanconsulting.com\/en\/wp-json\/wp\/v2\/media\/4274"}],"wp:attachment":[{"href":"http:\/\/www.mexicanconsulting.com\/en\/wp-json\/wp\/v2\/media?parent=4171"}],"curies":[{"name":"wp","href":"https:\/\/api.w.org\/{rel}","templated":true}]}}